{"id":19415,"date":"2026-02-18T22:02:45","date_gmt":"2026-02-19T01:02:45","guid":{"rendered":"https:\/\/tinacreativestudio.com\/?page_id=19415"},"modified":"2026-02-19T11:08:16","modified_gmt":"2026-02-19T14:08:16","slug":"oliva-ready-to-send","status":"publish","type":"page","link":"https:\/\/tinacreativestudio.com\/en\/oliva-ready-to-send\/","title":{"rendered":"Oliva Ready to Send"},"content":{"rendered":"<div data-elementor-type=\"wp-page\" data-elementor-id=\"19415\" class=\"elementor elementor-19415\" data-elementor-post-type=\"page\">\n\t\t\t\t<div class=\"elementor-element elementor-element-53371d4 e-flex e-con-boxed e-con e-parent\" data-id=\"53371d4\" data-element_type=\"container\" data-settings=\"{&quot;background_background&quot;:&quot;classic&quot;}\">\n\t\t\t\t\t<div class=\"e-con-inner\">\n\t\t<div class=\"elementor-element elementor-element-5a510a5 e-con-full e-flex e-con e-child\" data-id=\"5a510a5\" data-element_type=\"container\">\n\t\t\t\t<div class=\"elementor-element elementor-element-ba84936 elementor-skin-carousel elementor-arrows-yes elementor-pagination-type-bullets elementor-pagination-position-outside elementor-widget elementor-widget-media-carousel\" data-id=\"ba84936\" data-element_type=\"widget\" data-settings=\"{&quot;slides_per_view&quot;:&quot;1&quot;,&quot;slides_to_scroll&quot;:&quot;1&quot;,&quot;space_between&quot;:{&quot;unit&quot;:&quot;px&quot;,&quot;size&quot;:0,&quot;sizes&quot;:[]},&quot;slides_per_view_tablet&quot;:&quot;1&quot;,&quot;slides_to_scroll_tablet&quot;:&quot;1&quot;,&quot;skin&quot;:&quot;carousel&quot;,&quot;effect&quot;:&quot;slide&quot;,&quot;show_arrows&quot;:&quot;yes&quot;,&quot;pagination&quot;:&quot;bullets&quot;,&quot;speed&quot;:500,&quot;autoplay&quot;:&quot;yes&quot;,&quot;autoplay_speed&quot;:5000,&quot;loop&quot;:&quot;yes&quot;,&quot;pause_on_hover&quot;:&quot;yes&quot;,&quot;pause_on_interaction&quot;:&quot;yes&quot;,&quot;space_between_tablet&quot;:{&quot;unit&quot;:&quot;px&quot;,&quot;size&quot;:10,&quot;sizes&quot;:[]},&quot;space_between_mobile_extra&quot;:{&quot;unit&quot;:&quot;px&quot;,&quot;size&quot;:10,&quot;sizes&quot;:[]},&quot;space_between_mobile&quot;:{&quot;unit&quot;:&quot;px&quot;,&quot;size&quot;:10,&quot;sizes&quot;:[]}}\" data-widget_type=\"media-carousel.default\">\n\t\t\t\t<div class=\"elementor-widget-container\">\n\t\t\t\t\t\t\t\t\t<div class=\"elementor-swiper\">\n\t\t\t\t\t<div class=\"elementor-main-swiper swiper\" role=\"region\" aria-roledescription=\"carousel\" aria-label=\"Diapositivas\">\n\t\t\t\t<div class=\"swiper-wrapper\">\n\t\t\t\t\t\t\t\t\t\t\t<div class=\"swiper-slide\" role=\"group\" aria-roledescription=\"slide\">\n\t\t\t\t\t\t\t\t\t<div class=\"elementor-carousel-image lazyload\" role=\"img\" aria-label=\"INVITACIONES WEB-1\" style=\"background-image:inherit\" data-bg-image=\"url(&#039;https:\/\/tinacreativestudio.com\/wp-content\/uploads\/2026\/02\/INVITACIONES-WEB-1-4.png&#039;)\">\n\n\t\t\t\n\t\t\t\t\t<\/div>\n\t\t\t\t\t\t\t\t<\/div>\n\t\t\t\t\t\t\t\t\t\t\t<div class=\"swiper-slide\" role=\"group\" aria-roledescription=\"slide\">\n\t\t\t\t\t\t\t\t\t<div class=\"elementor-carousel-image lazyload\" role=\"img\" aria-label=\"INVITACIONES WEB-2\" style=\"background-image:inherit\" data-bg-image=\"url(&#039;https:\/\/tinacreativestudio.com\/wp-content\/uploads\/2026\/02\/INVITACIONES-WEB-2-2.png&#039;)\">\n\n\t\t\t\n\t\t\t\t\t<\/div>\n\t\t\t\t\t\t\t\t<\/div>\n\t\t\t\t\t\t\t\t\t\t\t<div class=\"swiper-slide\" role=\"group\" aria-roledescription=\"slide\">\n\t\t\t\t\t\t\t\t\t<div class=\"elementor-carousel-image lazyload\" role=\"img\" aria-label=\"INVITACIONES WEB-3\" style=\"background-image:inherit\" data-bg-image=\"url(&#039;https:\/\/tinacreativestudio.com\/wp-content\/uploads\/2026\/02\/INVITACIONES-WEB-3-2.png&#039;)\">\n\n\t\t\t\n\t\t\t\t\t<\/div>\n\t\t\t\t\t\t\t\t<\/div>\n\t\t\t\t\t\t\t\t\t<\/div>\n\t\t\t\t\t\t\t\t\t\t\t\t\t\t\t<div class=\"elementor-swiper-button elementor-swiper-button-prev\" role=\"button\" tabindex=\"0\" aria-label=\"Anterior\">\n\t\t\t\t\t\t\t<svg aria-hidden=\"true\" class=\"e-font-icon-svg e-eicon-chevron-left\" viewbox=\"0 0 1000 1000\" xmlns=\"http:\/\/www.w3.org\/2000\/svg\"><path d=\"M646 125C629 125 613 133 604 142L308 442C296 454 292 471 292 487 292 504 296 521 308 533L604 854C617 867 629 875 646 875 663 875 679 871 692 858 704 846 713 829 713 812 713 796 708 779 692 767L438 487 692 225C700 217 708 204 708 187 708 171 704 154 692 142 675 129 663 125 646 125Z\"><\/path><\/svg>\t\t\t\t\t\t<\/div>\n\t\t\t\t\t\t<div class=\"elementor-swiper-button elementor-swiper-button-next\" role=\"button\" tabindex=\"0\" aria-label=\"Siguiente\">\n\t\t\t\t\t\t\t<svg aria-hidden=\"true\" class=\"e-font-icon-svg e-eicon-chevron-right\" viewbox=\"0 0 1000 1000\" xmlns=\"http:\/\/www.w3.org\/2000\/svg\"><path d=\"M696 533C708 521 713 504 713 487 713 471 708 454 696 446L400 146C388 133 375 125 354 125 338 125 325 129 313 142 300 154 292 171 292 187 292 204 296 221 308 233L563 492 304 771C292 783 288 800 288 817 288 833 296 850 308 863 321 871 338 875 354 875 371 875 388 867 400 854L696 533Z\"><\/path><\/svg>\t\t\t\t\t\t<\/div>\n\t\t\t\t\t\t\t\t\t\t\t\t\t\t\t\t<div class=\"swiper-pagination\"><\/div>\n\t\t\t\t\t\t\t\t\t\t\t\t<\/div>\n\t\t\t\t<\/div>\n\t\t\t\t\t\t\t\t<\/div>\n\t\t\t\t<\/div>\n\t\t\t\t<\/div>\n\t\t<div class=\"elementor-element elementor-element-d39ff46 e-con-full e-flex e-con e-child\" data-id=\"d39ff46\" data-element_type=\"container\">\n\t\t\t\t<div class=\"elementor-element elementor-element-1718def elementor-widget elementor-widget-heading\" data-id=\"1718def\" data-element_type=\"widget\" data-settings=\"{&quot;_animation&quot;:&quot;none&quot;}\" data-widget_type=\"heading.default\">\n\t\t\t\t<div class=\"elementor-widget-container\">\n\t\t\t\t\t<h2 class=\"elementor-heading-title elementor-size-default\">Modelo Oliva<\/h2>\t\t\t\t<\/div>\n\t\t\t\t<\/div>\n\t\t\t\t<div class=\"elementor-element elementor-element-f294346 elementor-widget__width-initial elementor-widget elementor-widget-text-editor\" data-id=\"f294346\" data-element_type=\"widget\" data-widget_type=\"text-editor.default\">\n\t\t\t\t<div class=\"elementor-widget-container\">\n\t\t\t\t\t\t\t\t\t<p data-start=\"272\" data-end=\"366\">El dise\u00f1o es exactamente el que aparece en las im\u00e1genes, tanto en colores como en tipograf\u00edas.<\/p><p data-start=\"368\" data-end=\"539\">La personalizaci\u00f3n se limita al contenido: textos y secciones (pod\u00e9s consultar cu\u00e1les se pueden agregar o quitar), que adaptaremos seg\u00fan lo que completes en el formulario.<\/p><p data-start=\"368\" data-end=\"539\">Lo \u00fanico que se puede modificar es el color de pelo de los novios.<\/p><p data-start=\"541\" data-end=\"735\">Si quer\u00e9s llevar el dise\u00f1o un paso m\u00e1s all\u00e1, tambi\u00e9n pod\u00e9s sumar una ilustraci\u00f3n personalizada para hacerlo a\u00fan m\u00e1s a tu medida! Este agregado tiene un valor extra que depende de su complejidad.<\/p><p data-start=\"737\" data-end=\"854\">Adem\u00e1s, pod\u00e9s combinar este template con su <strong data-start=\"781\" data-end=\"806\">Save the Date a juego<\/strong>, manteniendo la misma est\u00e9tica y l\u00ednea visual.<\/p><p data-start=\"856\" data-end=\"939\">Te gustar\u00eda que sea tuyo?<br data-start=\"882\" data-end=\"885\" \/>Dejanos tu mail ac\u00e1 abajo y nos contactaremos!!<\/p>\t\t\t\t\t\t\t\t<\/div>\n\t\t\t\t<\/div>\n\t\t\t\t<div class=\"elementor-element elementor-element-7b5c556 elementor-tablet-button-align-center elementor-widget__width-initial elementor-button-align-stretch elementor-widget elementor-widget-form\" data-id=\"7b5c556\" data-element_type=\"widget\" data-settings=\"{&quot;step_next_label&quot;:&quot;Next&quot;,&quot;step_previous_label&quot;:&quot;Previous&quot;,&quot;button_width&quot;:&quot;100&quot;,&quot;step_type&quot;:&quot;number_text&quot;,&quot;step_icon_shape&quot;:&quot;circle&quot;}\" data-widget_type=\"form.default\">\n\t\t\t\t<div class=\"elementor-widget-container\">\n\t\t\t\t\t\t\t<form class=\"elementor-form\" method=\"post\" name=\"Modelo Oliva\" aria-label=\"Modelo Oliva\" action=\"\">\n\t\t\t<input type=\"hidden\" name=\"post_id\" value=\"19415\"\/>\n\t\t\t<input type=\"hidden\" name=\"form_id\" value=\"7b5c556\"\/>\n\t\t\t<input type=\"hidden\" name=\"referer_title\" value=\"Oliva Ready to Send - Tina Creative Studio\" \/>\n\n\t\t\t\t\t\t\t<input type=\"hidden\" name=\"queried_id\" value=\"19415\"\/>\n\t\t\t\n\t\t\t<div class=\"elementor-form-fields-wrapper elementor-labels-\">\n\t\t\t\t\t\t\t\t<div class=\"elementor-field-type-email elementor-field-group elementor-column elementor-field-group-email elementor-col-100 elementor-field-required\">\n\t\t\t\t\t\t\t\t\t\t\t\t<label for=\"form-field-email\" class=\"elementor-field-label elementor-screen-only\">\n\t\t\t\t\t\t\t\tE-mail\t\t\t\t\t\t\t<\/label>\n\t\t\t\t\t\t\t\t\t\t\t\t\t\t<input size=\"1\" type=\"email\" name=\"form_fields[email]\" id=\"form-field-email\" class=\"elementor-field elementor-size-sm  elementor-field-textual\" placeholder=\"E-mail\" required=\"required\">\n\t\t\t\t\t\t\t\t\t\t\t<\/div>\n\t\t\t\t\t\t\t\t<div class=\"elementor-field-type-text elementor-field-group elementor-column elementor-field-group-field_0223533 elementor-col-100 elementor-field-required\">\n\t\t\t\t\t\t\t\t\t\t\t\t<label for=\"form-field-field_0223533\" class=\"elementor-field-label elementor-screen-only\">\n\t\t\t\t\t\t\t\tWhere are you based?\t\t\t\t\t\t\t<\/label>\n\t\t\t\t\t\t\t\t\t\t\t\t\t\t<input size=\"1\" type=\"text\" name=\"form_fields[field_0223533]\" id=\"form-field-field_0223533\" class=\"elementor-field elementor-size-sm  elementor-field-textual\" placeholder=\"Where are you based?\" required=\"required\">\n\t\t\t\t\t\t\t\t\t\t\t<\/div>\n\t\t\t\t\t\t\t\t<div class=\"elementor-field-group elementor-column elementor-field-type-submit elementor-col-100 e-form__buttons\">\n\t\t\t\t\t<button class=\"elementor-button elementor-size-sm\" type=\"submit\">\n\t\t\t\t\t\t<span class=\"elementor-button-content-wrapper\">\n\t\t\t\t\t\t\t\t\t\t\t\t\t\t\t\t\t\t\t\t\t\t<span class=\"elementor-button-text\">Send<\/span>\n\t\t\t\t\t\t\t\t\t\t\t\t\t<\/span>\n\t\t\t\t\t<\/button>\n\t\t\t\t<\/div>\n\t\t\t<\/div>\n\t\t<input type=\"hidden\" name=\"trp-form-language\" value=\"en\"\/><\/form>\n\t\t\t\t\t\t<\/div>\n\t\t\t\t<\/div>\n\t\t\t\t<\/div>\n\t\t\t\t\t<\/div>\n\t\t\t\t<\/div>\n\t\t\t\t<\/div>","protected":false},"excerpt":{"rendered":"<p>Modelo Oliva El dise\u00f1o es exactamente el que aparece en las im\u00e1genes, tanto en colores como en tipograf\u00edas. La personalizaci\u00f3n [&hellip;]<\/p>","protected":false},"author":2,"featured_media":0,"parent":0,"menu_order":0,"comment_status":"closed","ping_status":"closed","template":"","meta":{"_acf_changed":false,"site-sidebar-layout":"no-sidebar","site-content-layout":"","ast-site-content-layout":"full-width-container","site-content-style":"default","site-sidebar-style":"default","ast-global-header-display":"","ast-banner-title-visibility":"","ast-main-header-display":"","ast-hfb-above-header-display":"","ast-hfb-below-header-display":"","ast-hfb-mobile-header-display":"","site-post-title":"disabled","ast-breadcrumbs-content":"","ast-featured-img":"disabled","footer-sml-layout":"","theme-transparent-header-meta":"","adv-header-id-meta":"","stick-header-meta":"","header-above-stick-meta":"","header-main-stick-meta":"","header-below-stick-meta":"","astra-migrate-meta-layouts":"default","ast-page-background-enabled":"default","ast-page-background-meta":{"desktop":{"background-color":"var(--ast-global-color-4)","background-image":"","background-repeat":"repeat","background-position":"center center","background-size":"auto","background-attachment":"scroll","background-type":"","background-media":"","overlay-type":"","overlay-color":"","overlay-opacity":"","overlay-gradient":""},"tablet":{"background-color":"","background-image":"","background-repeat":"repeat","background-position":"center center","background-size":"auto","background-attachment":"scroll","background-type":"","background-media":"","overlay-type":"","overlay-color":"","overlay-opacity":"","overlay-gradient":""},"mobile":{"background-color":"","background-image":"","background-repeat":"repeat","background-position":"center center","background-size":"auto","background-attachment":"scroll","background-type":"","background-media":"","overlay-type":"","overlay-color":"","overlay-opacity":"","overlay-gradient":""}},"ast-content-background-meta":{"desktop":{"background-color":"var(--ast-global-color-5)","background-image":"","background-repeat":"repeat","background-position":"center center","background-size":"auto","background-attachment":"scroll","background-type":"","background-media":"","overlay-type":"","overlay-color":"","overlay-opacity":"","overlay-gradient":""},"tablet":{"background-color":"var(--ast-global-color-5)","background-image":"","background-repeat":"repeat","background-position":"center center","background-size":"auto","background-attachment":"scroll","background-type":"","background-media":"","overlay-type":"","overlay-color":"","overlay-opacity":"","overlay-gradient":""},"mobile":{"background-color":"var(--ast-global-color-5)","background-image":"","background-repeat":"repeat","background-position":"center center","background-size":"auto","background-attachment":"scroll","background-type":"","background-media":"","overlay-type":"","overlay-color":"","overlay-opacity":"","overlay-gradient":""}},"footnotes":""},"wf_page_folders":[58],"class_list":["post-19415","page","type-page","status-publish","hentry"],"acf":[],"yoast_head":"<!-- This site is optimized with the Yoast SEO plugin v26.2 - https:\/\/yoast.com\/wordpress\/plugins\/seo\/ -->\n<title>Oliva Ready to Send - Tina Creative Studio<\/title>\n<meta name=\"robots\" content=\"index, follow, max-snippet:-1, max-image-preview:large, max-video-preview:-1\" \/>\n<link rel=\"canonical\" href=\"https:\/\/tinacreativestudio.com\/en\/oliva-ready-to-send\/\" \/>\n<meta property=\"og:locale\" content=\"en_GB\" \/>\n<meta property=\"og:type\" content=\"article\" \/>\n<meta property=\"og:title\" content=\"Oliva Ready to Send - Tina Creative Studio\" \/>\n<meta property=\"og:description\" content=\"Modelo Oliva El dise\u00f1o es exactamente el que aparece en las im\u00e1genes, tanto en colores como en tipograf\u00edas. La personalizaci\u00f3n [&hellip;]\" \/>\n<meta property=\"og:url\" content=\"https:\/\/tinacreativestudio.com\/en\/oliva-ready-to-send\/\" \/>\n<meta property=\"og:site_name\" content=\"Tina Creative Studio\" \/>\n<meta property=\"article:modified_time\" content=\"2026-02-19T14:08:16+00:00\" \/>\n<meta name=\"twitter:card\" content=\"summary_large_image\" \/>\n<meta name=\"twitter:label1\" content=\"Estimated reading time\" \/>\n\t<meta name=\"twitter:data1\" content=\"1 minute\" \/>\n<script type=\"application\/ld+json\" class=\"yoast-schema-graph\">{\"@context\":\"https:\/\/schema.org\",\"@graph\":[{\"@type\":\"WebPage\",\"@id\":\"https:\/\/tinacreativestudio.com\/oliva-ready-to-send\/\",\"url\":\"https:\/\/tinacreativestudio.com\/oliva-ready-to-send\/\",\"name\":\"Oliva Ready to Send - Tina Creative Studio\",\"isPartOf\":{\"@id\":\"https:\/\/tinacreativestudio.com\/#website\"},\"datePublished\":\"2026-02-19T01:02:45+00:00\",\"dateModified\":\"2026-02-19T14:08:16+00:00\",\"breadcrumb\":{\"@id\":\"https:\/\/tinacreativestudio.com\/oliva-ready-to-send\/#breadcrumb\"},\"inLanguage\":\"en-GB\",\"potentialAction\":[{\"@type\":\"ReadAction\",\"target\":[\"https:\/\/tinacreativestudio.com\/oliva-ready-to-send\/\"]}]},{\"@type\":\"BreadcrumbList\",\"@id\":\"https:\/\/tinacreativestudio.com\/oliva-ready-to-send\/#breadcrumb\",\"itemListElement\":[{\"@type\":\"ListItem\",\"position\":1,\"name\":\"Portada\",\"item\":\"https:\/\/tinacreativestudio.com\/\"},{\"@type\":\"ListItem\",\"position\":2,\"name\":\"Oliva Ready to Send\"}]},{\"@type\":\"WebSite\",\"@id\":\"https:\/\/tinacreativestudio.com\/#website\",\"url\":\"https:\/\/tinacreativestudio.com\/\",\"name\":\"Tina Creative Studio\",\"description\":\"Arte personalizado para tu evento\",\"publisher\":{\"@id\":\"https:\/\/tinacreativestudio.com\/#organization\"},\"potentialAction\":[{\"@type\":\"SearchAction\",\"target\":{\"@type\":\"EntryPoint\",\"urlTemplate\":\"https:\/\/tinacreativestudio.com\/?s={search_term_string}\"},\"query-input\":{\"@type\":\"PropertyValueSpecification\",\"valueRequired\":true,\"valueName\":\"search_term_string\"}}],\"inLanguage\":\"en-GB\"},{\"@type\":\"Organization\",\"@id\":\"https:\/\/tinacreativestudio.com\/#organization\",\"name\":\"Tina Creative Studio\",\"url\":\"https:\/\/tinacreativestudio.com\/\",\"logo\":{\"@type\":\"ImageObject\",\"inLanguage\":\"en-GB\",\"@id\":\"https:\/\/tinacreativestudio.com\/#\/schema\/logo\/image\/\",\"url\":\"https:\/\/tinacreativestudio.com\/wp-content\/uploads\/2024\/05\/Nueva-pagina-web-2-Logo-blanco.png\",\"contentUrl\":\"https:\/\/tinacreativestudio.com\/wp-content\/uploads\/2024\/05\/Nueva-pagina-web-2-Logo-blanco.png\",\"width\":1920,\"height\":300,\"caption\":\"Tina Creative Studio\"},\"image\":{\"@id\":\"https:\/\/tinacreativestudio.com\/#\/schema\/logo\/image\/\"}}]}<\/script>\n<!-- \/ Yoast SEO plugin. -->","yoast_head_json":{"title":"Oliva Ready to Send - Tina Creative Studio","robots":{"index":"index","follow":"follow","max-snippet":"max-snippet:-1","max-image-preview":"max-image-preview:large","max-video-preview":"max-video-preview:-1"},"canonical":"https:\/\/tinacreativestudio.com\/en\/oliva-ready-to-send\/","og_locale":"en_GB","og_type":"article","og_title":"Oliva Ready to Send - Tina Creative Studio","og_description":"Modelo Oliva El dise\u00f1o es exactamente el que aparece en las im\u00e1genes, tanto en colores como en tipograf\u00edas. La personalizaci\u00f3n [&hellip;]","og_url":"https:\/\/tinacreativestudio.com\/en\/oliva-ready-to-send\/","og_site_name":"Tina Creative Studio","article_modified_time":"2026-02-19T14:08:16+00:00","twitter_card":"summary_large_image","twitter_misc":{"Estimated reading time":"1 minute"},"schema":{"@context":"https:\/\/schema.org","@graph":[{"@type":"WebPage","@id":"https:\/\/tinacreativestudio.com\/oliva-ready-to-send\/","url":"https:\/\/tinacreativestudio.com\/oliva-ready-to-send\/","name":"Oliva Ready to Send - Tina Creative Studio","isPartOf":{"@id":"https:\/\/tinacreativestudio.com\/#website"},"datePublished":"2026-02-19T01:02:45+00:00","dateModified":"2026-02-19T14:08:16+00:00","breadcrumb":{"@id":"https:\/\/tinacreativestudio.com\/oliva-ready-to-send\/#breadcrumb"},"inLanguage":"en-GB","potentialAction":[{"@type":"ReadAction","target":["https:\/\/tinacreativestudio.com\/oliva-ready-to-send\/"]}]},{"@type":"BreadcrumbList","@id":"https:\/\/tinacreativestudio.com\/oliva-ready-to-send\/#breadcrumb","itemListElement":[{"@type":"ListItem","position":1,"name":"Portada","item":"https:\/\/tinacreativestudio.com\/"},{"@type":"ListItem","position":2,"name":"Oliva Ready to Send"}]},{"@type":"WebSite","@id":"https:\/\/tinacreativestudio.com\/#website","url":"https:\/\/tinacreativestudio.com\/","name":"Tina Creative Studio","description":"Arte personalizado para tu evento","publisher":{"@id":"https:\/\/tinacreativestudio.com\/#organization"},"potentialAction":[{"@type":"SearchAction","target":{"@type":"EntryPoint","urlTemplate":"https:\/\/tinacreativestudio.com\/?s={search_term_string}"},"query-input":{"@type":"PropertyValueSpecification","valueRequired":true,"valueName":"search_term_string"}}],"inLanguage":"en-GB"},{"@type":"Organization","@id":"https:\/\/tinacreativestudio.com\/#organization","name":"Tina Creative Studio","url":"https:\/\/tinacreativestudio.com\/","logo":{"@type":"ImageObject","inLanguage":"en-GB","@id":"https:\/\/tinacreativestudio.com\/#\/schema\/logo\/image\/","url":"https:\/\/tinacreativestudio.com\/wp-content\/uploads\/2024\/05\/Nueva-pagina-web-2-Logo-blanco.png","contentUrl":"https:\/\/tinacreativestudio.com\/wp-content\/uploads\/2024\/05\/Nueva-pagina-web-2-Logo-blanco.png","width":1920,"height":300,"caption":"Tina Creative Studio"},"image":{"@id":"https:\/\/tinacreativestudio.com\/#\/schema\/logo\/image\/"}}]}},"_links":{"self":[{"href":"https:\/\/tinacreativestudio.com\/en\/wp-json\/wp\/v2\/pages\/19415","targetHints":{"allow":["GET"]}}],"collection":[{"href":"https:\/\/tinacreativestudio.com\/en\/wp-json\/wp\/v2\/pages"}],"about":[{"href":"https:\/\/tinacreativestudio.com\/en\/wp-json\/wp\/v2\/types\/page"}],"author":[{"embeddable":true,"href":"https:\/\/tinacreativestudio.com\/en\/wp-json\/wp\/v2\/users\/2"}],"replies":[{"embeddable":true,"href":"https:\/\/tinacreativestudio.com\/en\/wp-json\/wp\/v2\/comments?post=19415"}],"version-history":[{"count":10,"href":"https:\/\/tinacreativestudio.com\/en\/wp-json\/wp\/v2\/pages\/19415\/revisions"}],"predecessor-version":[{"id":19446,"href":"https:\/\/tinacreativestudio.com\/en\/wp-json\/wp\/v2\/pages\/19415\/revisions\/19446"}],"wp:attachment":[{"href":"https:\/\/tinacreativestudio.com\/en\/wp-json\/wp\/v2\/media?parent=19415"}],"wp:term":[{"taxonomy":"wf_page_folders","embeddable":true,"href":"https:\/\/tinacreativestudio.com\/en\/wp-json\/wp\/v2\/wf_page_folders?post=19415"}],"curies":[{"name":"wp","href":"https:\/\/api.w.org\/{rel}","templated":true}]}}