{"id":5069,"date":"2025-05-13T21:03:14","date_gmt":"2025-05-14T00:03:14","guid":{"rendered":"https:\/\/tinacreativestudio.com\/?page_id=5069"},"modified":"2026-02-05T20:09:44","modified_gmt":"2026-02-05T23:09:44","slug":"flores-readytosend","status":"publish","type":"page","link":"https:\/\/tinacreativestudio.com\/en\/flores-readytosend\/","title":{"rendered":"Flores Ready to Send"},"content":{"rendered":"<div data-elementor-type=\"wp-page\" data-elementor-id=\"5069\" class=\"elementor elementor-5069\" data-elementor-post-type=\"page\">\n\t\t\t\t<div class=\"elementor-element elementor-element-a7661aa e-flex e-con-boxed e-con e-parent\" data-id=\"a7661aa\" data-element_type=\"container\" data-settings=\"{&quot;background_background&quot;:&quot;classic&quot;}\">\n\t\t\t\t\t<div class=\"e-con-inner\">\n\t\t<div class=\"elementor-element elementor-element-9d5fa8a e-con-full e-flex e-con e-child\" data-id=\"9d5fa8a\" data-element_type=\"container\">\n\t\t\t\t<div class=\"elementor-element elementor-element-72e5846 elementor-skin-carousel elementor-arrows-yes elementor-pagination-type-bullets elementor-pagination-position-outside elementor-widget elementor-widget-media-carousel\" data-id=\"72e5846\" data-element_type=\"widget\" data-settings=\"{&quot;slides_per_view&quot;:&quot;1&quot;,&quot;slides_to_scroll&quot;:&quot;1&quot;,&quot;space_between&quot;:{&quot;unit&quot;:&quot;px&quot;,&quot;size&quot;:0,&quot;sizes&quot;:[]},&quot;slides_per_view_tablet&quot;:&quot;1&quot;,&quot;slides_to_scroll_tablet&quot;:&quot;1&quot;,&quot;skin&quot;:&quot;carousel&quot;,&quot;effect&quot;:&quot;slide&quot;,&quot;show_arrows&quot;:&quot;yes&quot;,&quot;pagination&quot;:&quot;bullets&quot;,&quot;speed&quot;:500,&quot;autoplay&quot;:&quot;yes&quot;,&quot;autoplay_speed&quot;:5000,&quot;loop&quot;:&quot;yes&quot;,&quot;pause_on_hover&quot;:&quot;yes&quot;,&quot;pause_on_interaction&quot;:&quot;yes&quot;,&quot;space_between_tablet&quot;:{&quot;unit&quot;:&quot;px&quot;,&quot;size&quot;:10,&quot;sizes&quot;:[]},&quot;space_between_mobile_extra&quot;:{&quot;unit&quot;:&quot;px&quot;,&quot;size&quot;:10,&quot;sizes&quot;:[]},&quot;space_between_mobile&quot;:{&quot;unit&quot;:&quot;px&quot;,&quot;size&quot;:10,&quot;sizes&quot;:[]}}\" data-widget_type=\"media-carousel.default\">\n\t\t\t\t<div class=\"elementor-widget-container\">\n\t\t\t\t\t\t\t\t\t<div class=\"elementor-swiper\">\n\t\t\t\t\t<div class=\"elementor-main-swiper swiper\" role=\"region\" aria-roledescription=\"carousel\" aria-label=\"Diapositivas\">\n\t\t\t\t<div class=\"swiper-wrapper\">\n\t\t\t\t\t\t\t\t\t\t\t<div class=\"swiper-slide\" role=\"group\" aria-roledescription=\"slide\">\n\t\t\t\t\t\t\t\t\t<div class=\"elementor-carousel-image lazyload\" role=\"img\" aria-label=\"Sin t\u00edtulo-2\" style=\"background-image:inherit\" data-bg-image=\"url(&#039;https:\/\/tinacreativestudio.com\/wp-content\/uploads\/2025\/05\/Sin-titulo-2-3.png&#039;)\">\n\n\t\t\t\n\t\t\t\t\t<\/div>\n\t\t\t\t\t\t\t\t<\/div>\n\t\t\t\t\t\t\t\t\t\t\t<div class=\"swiper-slide\" role=\"group\" aria-roledescription=\"slide\">\n\t\t\t\t\t\t\t\t\t<div class=\"elementor-carousel-image lazyload\" role=\"img\" aria-label=\"Sin t\u00edtulo-3\" style=\"background-image:inherit\" data-bg-image=\"url(&#039;https:\/\/tinacreativestudio.com\/wp-content\/uploads\/2025\/05\/Sin-titulo-3-6.png&#039;)\">\n\n\t\t\t\n\t\t\t\t\t<\/div>\n\t\t\t\t\t\t\t\t<\/div>\n\t\t\t\t\t\t\t\t\t\t\t<div class=\"swiper-slide\" role=\"group\" aria-roledescription=\"slide\">\n\t\t\t\t\t\t\t\t\t<div class=\"elementor-carousel-image lazyload\" role=\"img\" aria-label=\"Sin t\u00edtulo-4\" style=\"background-image:inherit\" data-bg-image=\"url(&#039;https:\/\/tinacreativestudio.com\/wp-content\/uploads\/2025\/05\/Sin-titulo-4-2.png&#039;)\">\n\n\t\t\t\n\t\t\t\t\t<\/div>\n\t\t\t\t\t\t\t\t<\/div>\n\t\t\t\t\t\t\t\t\t\t\t<div class=\"swiper-slide\" role=\"group\" aria-roledescription=\"slide\">\n\t\t\t\t\t\t\t\t\t<div class=\"elementor-carousel-image lazyload\" role=\"img\" aria-label=\"Sin t\u00edtulo-5\" style=\"background-image:inherit\" data-bg-image=\"url(&#039;https:\/\/tinacreativestudio.com\/wp-content\/uploads\/2025\/05\/Sin-titulo-5-1.png&#039;)\">\n\n\t\t\t\n\t\t\t\t\t<\/div>\n\t\t\t\t\t\t\t\t<\/div>\n\t\t\t\t\t\t\t\t\t\t\t<div class=\"swiper-slide\" role=\"group\" aria-roledescription=\"slide\">\n\t\t\t\t\t\t\t\t\t<div class=\"elementor-carousel-image lazyload\" role=\"img\" aria-label=\"Sin t\u00edtulo-6\" style=\"background-image:inherit\" data-bg-image=\"url(&#039;https:\/\/tinacreativestudio.com\/wp-content\/uploads\/2025\/05\/Sin-titulo-6-1.png&#039;)\">\n\n\t\t\t\n\t\t\t\t\t<\/div>\n\t\t\t\t\t\t\t\t<\/div>\n\t\t\t\t\t\t\t\t\t\t\t<div class=\"swiper-slide\" role=\"group\" aria-roledescription=\"slide\">\n\t\t\t\t\t\t\t<a href=\"https:\/\/tinacreativestudio.com\/wp-content\/uploads\/2025\/05\/Sin-titulo-7.png\" data-elementor-open-lightbox=\"yes\" data-elementor-lightbox-slideshow=\"72e5846\" data-e-action-hash=\"#elementor-action%3Aaction%3Dlightbox%26settings%3DeyJpZCI6NTA4MCwidXJsIjoiaHR0cHM6XC9cL3RpbmFjcmVhdGl2ZXN0dWRpby5jb21cL3dwLWNvbnRlbnRcL3VwbG9hZHNcLzIwMjVcLzA1XC9TaW4tdGl0dWxvLTcucG5nIiwic2xpZGVzaG93IjoiNzJlNTg0NiJ9\" data-elementor-lightbox-video=\"https:\/\/www.youtube.com\/embed\/dirG_OrbiXY?feature=oembed&amp;autoplay=1&amp;rel=0&amp;controls=0\">\t\t<div class=\"elementor-carousel-image lazyload\" role=\"img\" aria-label=\"Sin t\u00edtulo-7\" style=\"background-image:inherit\" data-bg-image=\"url(&#039;https:\/\/tinacreativestudio.com\/wp-content\/uploads\/2025\/05\/Sin-titulo-7.png&#039;)\">\n\n\t\t\t\n\t\t\t\t\t\t\t<div class=\"elementor-custom-embed-play\">\n\t\t\t\t\t<svg aria-hidden=\"true\" class=\"e-font-icon-svg e-eicon-play\" viewbox=\"0 0 1000 1000\" xmlns=\"http:\/\/www.w3.org\/2000\/svg\"><path d=\"M838 162C746 71 633 25 500 25 371 25 258 71 163 162 71 254 25 367 25 500 25 633 71 746 163 837 254 929 367 979 500 979 633 979 746 933 838 837 929 746 975 633 975 500 975 367 929 254 838 162M808 192C892 279 933 379 933 500 933 621 892 725 808 808 725 892 621 938 500 938 379 938 279 896 196 808 113 725 67 621 67 500 67 379 108 279 196 192 279 108 383 62 500 62 621 62 721 108 808 192M438 392V642L642 517 438 392Z\"><\/path><\/svg>\t\t\t\t\t<span class=\"elementor-screen-only\">Reproducir<\/span>\n\t\t\t\t<\/div>\n\t\t\t\t\t<\/div>\n\t\t<\/a>\t\t\t\t\t\t<\/div>\n\t\t\t\t\t\t\t\t\t<\/div>\n\t\t\t\t\t\t\t\t\t\t\t\t\t\t\t<div class=\"elementor-swiper-button elementor-swiper-button-prev\" role=\"button\" tabindex=\"0\" aria-label=\"Anterior\">\n\t\t\t\t\t\t\t<svg aria-hidden=\"true\" class=\"e-font-icon-svg e-eicon-chevron-left\" viewbox=\"0 0 1000 1000\" xmlns=\"http:\/\/www.w3.org\/2000\/svg\"><path d=\"M646 125C629 125 613 133 604 142L308 442C296 454 292 471 292 487 292 504 296 521 308 533L604 854C617 867 629 875 646 875 663 875 679 871 692 858 704 846 713 829 713 812 713 796 708 779 692 767L438 487 692 225C700 217 708 204 708 187 708 171 704 154 692 142 675 129 663 125 646 125Z\"><\/path><\/svg>\t\t\t\t\t\t<\/div>\n\t\t\t\t\t\t<div class=\"elementor-swiper-button elementor-swiper-button-next\" role=\"button\" tabindex=\"0\" aria-label=\"Siguiente\">\n\t\t\t\t\t\t\t<svg aria-hidden=\"true\" class=\"e-font-icon-svg e-eicon-chevron-right\" viewbox=\"0 0 1000 1000\" xmlns=\"http:\/\/www.w3.org\/2000\/svg\"><path d=\"M696 533C708 521 713 504 713 487 713 471 708 454 696 446L400 146C388 133 375 125 354 125 338 125 325 129 313 142 300 154 292 171 292 187 292 204 296 221 308 233L563 492 304 771C292 783 288 800 288 817 288 833 296 850 308 863 321 871 338 875 354 875 371 875 388 867 400 854L696 533Z\"><\/path><\/svg>\t\t\t\t\t\t<\/div>\n\t\t\t\t\t\t\t\t\t\t\t\t\t\t\t\t<div class=\"swiper-pagination\"><\/div>\n\t\t\t\t\t\t\t\t\t\t\t\t<\/div>\n\t\t\t\t<\/div>\n\t\t\t\t\t\t\t\t<\/div>\n\t\t\t\t<\/div>\n\t\t\t\t<\/div>\n\t\t<div class=\"elementor-element elementor-element-6c50b13 e-con-full e-flex e-con e-child\" data-id=\"6c50b13\" data-element_type=\"container\">\n\t\t\t\t<div class=\"elementor-element elementor-element-1916aab elementor-widget elementor-widget-heading\" data-id=\"1916aab\" data-element_type=\"widget\" data-settings=\"{&quot;_animation&quot;:&quot;none&quot;}\" data-widget_type=\"heading.default\">\n\t\t\t\t<div class=\"elementor-widget-container\">\n\t\t\t\t\t<h2 class=\"elementor-heading-title elementor-size-default\">Floral Design<\/h2>\t\t\t\t<\/div>\n\t\t\t\t<\/div>\n\t\t\t\t<div class=\"elementor-element elementor-element-fd8b609 elementor-widget__width-initial elementor-widget elementor-widget-text-editor\" data-id=\"fd8b609\" data-element_type=\"widget\" data-widget_type=\"text-editor.default\">\n\t\t\t\t<div class=\"elementor-widget-container\">\n\t\t\t\t\t\t\t\t\t<p data-start=\"272\" data-end=\"366\">El dise\u00f1o es exactamente el que aparece en las im\u00e1genes, tanto en colores como en tipograf\u00edas.<\/p><p data-start=\"368\" data-end=\"539\">La personalizaci\u00f3n se limita al contenido: textos y secciones (pod\u00e9s consultar cu\u00e1les se pueden agregar o quitar), que adaptaremos seg\u00fan lo que completes en el formulario.<\/p><p data-start=\"541\" data-end=\"735\">Si quer\u00e9s llevar el dise\u00f1o un paso m\u00e1s all\u00e1, tambi\u00e9n pod\u00e9s sumar una ilustraci\u00f3n personalizada para hacerlo a\u00fan m\u00e1s a tu medida! Este agregado tiene un valor extra que depende de su complejidad.<\/p><p data-start=\"737\" data-end=\"854\">Adem\u00e1s, pod\u00e9s combinar este template con su <strong data-start=\"781\" data-end=\"806\">Save the Date a juego<\/strong>, manteniendo la misma est\u00e9tica y l\u00ednea visual.<\/p><p data-start=\"856\" data-end=\"939\">Te gustar\u00eda que sea tuyo?<br data-start=\"882\" data-end=\"885\" \/>Dejanos tu mail ac\u00e1 abajo y nos contactaremos!!<\/p>\t\t\t\t\t\t\t\t<\/div>\n\t\t\t\t<\/div>\n\t\t\t\t<div class=\"elementor-element elementor-element-19b2769 elementor-tablet-button-align-center elementor-widget__width-initial elementor-button-align-stretch elementor-widget elementor-widget-form\" data-id=\"19b2769\" data-element_type=\"widget\" data-settings=\"{&quot;step_next_label&quot;:&quot;Next&quot;,&quot;step_previous_label&quot;:&quot;Previous&quot;,&quot;button_width&quot;:&quot;100&quot;,&quot;step_type&quot;:&quot;number_text&quot;,&quot;step_icon_shape&quot;:&quot;circle&quot;}\" data-widget_type=\"form.default\">\n\t\t\t\t<div class=\"elementor-widget-container\">\n\t\t\t\t\t\t\t<form class=\"elementor-form\" method=\"post\" name=\"Modelo Flores\" aria-label=\"Floral Design\" action=\"\">\n\t\t\t<input type=\"hidden\" name=\"post_id\" value=\"5069\"\/>\n\t\t\t<input type=\"hidden\" name=\"form_id\" value=\"19b2769\"\/>\n\t\t\t<input type=\"hidden\" name=\"referer_title\" value=\"Flores Ready to Send - Tina Creative Studio\" \/>\n\n\t\t\t\t\t\t\t<input type=\"hidden\" name=\"queried_id\" value=\"5069\"\/>\n\t\t\t\n\t\t\t<div class=\"elementor-form-fields-wrapper elementor-labels-\">\n\t\t\t\t\t\t\t\t<div class=\"elementor-field-type-email elementor-field-group elementor-column elementor-field-group-email elementor-col-100 elementor-field-required\">\n\t\t\t\t\t\t\t\t\t\t\t\t<label for=\"form-field-email\" class=\"elementor-field-label elementor-screen-only\">\n\t\t\t\t\t\t\t\tE-mail\t\t\t\t\t\t\t<\/label>\n\t\t\t\t\t\t\t\t\t\t\t\t\t\t<input size=\"1\" type=\"email\" name=\"form_fields[email]\" id=\"form-field-email\" class=\"elementor-field elementor-size-sm  elementor-field-textual\" placeholder=\"E-mail\" required=\"required\">\n\t\t\t\t\t\t\t\t\t\t\t<\/div>\n\t\t\t\t\t\t\t\t<div class=\"elementor-field-type-text elementor-field-group elementor-column elementor-field-group-field_0223533 elementor-col-100 elementor-field-required\">\n\t\t\t\t\t\t\t\t\t\t\t\t<label for=\"form-field-field_0223533\" class=\"elementor-field-label elementor-screen-only\">\n\t\t\t\t\t\t\t\tWhere are you based?\t\t\t\t\t\t\t<\/label>\n\t\t\t\t\t\t\t\t\t\t\t\t\t\t<input size=\"1\" type=\"text\" name=\"form_fields[field_0223533]\" id=\"form-field-field_0223533\" class=\"elementor-field elementor-size-sm  elementor-field-textual\" placeholder=\"Where are you based?\" required=\"required\">\n\t\t\t\t\t\t\t\t\t\t\t<\/div>\n\t\t\t\t\t\t\t\t<div class=\"elementor-field-group elementor-column elementor-field-type-submit elementor-col-100 e-form__buttons\">\n\t\t\t\t\t<button class=\"elementor-button elementor-size-sm\" type=\"submit\">\n\t\t\t\t\t\t<span class=\"elementor-button-content-wrapper\">\n\t\t\t\t\t\t\t\t\t\t\t\t\t\t\t\t\t\t\t\t\t\t<span class=\"elementor-button-text\">Send<\/span>\n\t\t\t\t\t\t\t\t\t\t\t\t\t<\/span>\n\t\t\t\t\t<\/button>\n\t\t\t\t<\/div>\n\t\t\t<\/div>\n\t\t<input type=\"hidden\" name=\"trp-form-language\" value=\"en\"\/><\/form>\n\t\t\t\t\t\t<\/div>\n\t\t\t\t<\/div>\n\t\t\t\t<\/div>\n\t\t\t\t\t<\/div>\n\t\t\t\t<\/div>\n\t\t\t\t<\/div>","protected":false},"excerpt":{"rendered":"<p>Reproducir Modelo Flores El dise\u00f1o es exactamente el que aparece en las im\u00e1genes, tanto en colores como en tipograf\u00edas. La [&hellip;]<\/p>","protected":false},"author":2,"featured_media":0,"parent":0,"menu_order":0,"comment_status":"closed","ping_status":"closed","template":"","meta":{"_acf_changed":false,"site-sidebar-layout":"no-sidebar","site-content-layout":"","ast-site-content-layout":"full-width-container","site-content-style":"default","site-sidebar-style":"default","ast-global-header-display":"","ast-banner-title-visibility":"","ast-main-header-display":"","ast-hfb-above-header-display":"","ast-hfb-below-header-display":"","ast-hfb-mobile-header-display":"","site-post-title":"disabled","ast-breadcrumbs-content":"","ast-featured-img":"disabled","footer-sml-layout":"","theme-transparent-header-meta":"","adv-header-id-meta":"","stick-header-meta":"","header-above-stick-meta":"","header-main-stick-meta":"","header-below-stick-meta":"","astra-migrate-meta-layouts":"default","ast-page-background-enabled":"default","ast-page-background-meta":{"desktop":{"background-color":"var(--ast-global-color-4)","background-image":"","background-repeat":"repeat","background-position":"center center","background-size":"auto","background-attachment":"scroll","background-type":"","background-media":"","overlay-type":"","overlay-color":"","overlay-opacity":"","overlay-gradient":""},"tablet":{"background-color":"","background-image":"","background-repeat":"repeat","background-position":"center center","background-size":"auto","background-attachment":"scroll","background-type":"","background-media":"","overlay-type":"","overlay-color":"","overlay-opacity":"","overlay-gradient":""},"mobile":{"background-color":"","background-image":"","background-repeat":"repeat","background-position":"center center","background-size":"auto","background-attachment":"scroll","background-type":"","background-media":"","overlay-type":"","overlay-color":"","overlay-opacity":"","overlay-gradient":""}},"ast-content-background-meta":{"desktop":{"background-color":"var(--ast-global-color-5)","background-image":"","background-repeat":"repeat","background-position":"center center","background-size":"auto","background-attachment":"scroll","background-type":"","background-media":"","overlay-type":"","overlay-color":"","overlay-opacity":"","overlay-gradient":""},"tablet":{"background-color":"var(--ast-global-color-5)","background-image":"","background-repeat":"repeat","background-position":"center center","background-size":"auto","background-attachment":"scroll","background-type":"","background-media":"","overlay-type":"","overlay-color":"","overlay-opacity":"","overlay-gradient":""},"mobile":{"background-color":"var(--ast-global-color-5)","background-image":"","background-repeat":"repeat","background-position":"center center","background-size":"auto","background-attachment":"scroll","background-type":"","background-media":"","overlay-type":"","overlay-color":"","overlay-opacity":"","overlay-gradient":""}},"footnotes":""},"wf_page_folders":[58],"class_list":["post-5069","page","type-page","status-publish","hentry"],"acf":[],"yoast_head":"<!-- This site is optimized with the Yoast SEO plugin v26.2 - https:\/\/yoast.com\/wordpress\/plugins\/seo\/ -->\n<title>Flores Ready to Send - Tina Creative Studio<\/title>\n<meta name=\"robots\" content=\"index, follow, max-snippet:-1, max-image-preview:large, max-video-preview:-1\" \/>\n<link rel=\"canonical\" href=\"https:\/\/tinacreativestudio.com\/en\/flores-readytosend\/\" \/>\n<meta property=\"og:locale\" content=\"en_GB\" \/>\n<meta property=\"og:type\" content=\"article\" \/>\n<meta property=\"og:title\" content=\"Flores Ready to Send - Tina Creative Studio\" \/>\n<meta property=\"og:description\" content=\"Reproducir Modelo Flores El dise\u00f1o es exactamente el que aparece en las im\u00e1genes, tanto en colores como en tipograf\u00edas. La [&hellip;]\" \/>\n<meta property=\"og:url\" content=\"https:\/\/tinacreativestudio.com\/en\/flores-readytosend\/\" \/>\n<meta property=\"og:site_name\" content=\"Tina Creative Studio\" \/>\n<meta property=\"article:modified_time\" content=\"2026-02-05T23:09:44+00:00\" \/>\n<meta name=\"twitter:card\" content=\"summary_large_image\" \/>\n<meta name=\"twitter:label1\" content=\"Estimated reading time\" \/>\n\t<meta name=\"twitter:data1\" content=\"1 minute\" \/>\n<script type=\"application\/ld+json\" class=\"yoast-schema-graph\">{\"@context\":\"https:\/\/schema.org\",\"@graph\":[{\"@type\":\"WebPage\",\"@id\":\"https:\/\/tinacreativestudio.com\/flores-readytosend\/\",\"url\":\"https:\/\/tinacreativestudio.com\/flores-readytosend\/\",\"name\":\"Flores Ready to Send - Tina Creative Studio\",\"isPartOf\":{\"@id\":\"https:\/\/tinacreativestudio.com\/#website\"},\"datePublished\":\"2025-05-14T00:03:14+00:00\",\"dateModified\":\"2026-02-05T23:09:44+00:00\",\"breadcrumb\":{\"@id\":\"https:\/\/tinacreativestudio.com\/flores-readytosend\/#breadcrumb\"},\"inLanguage\":\"en-GB\",\"potentialAction\":[{\"@type\":\"ReadAction\",\"target\":[\"https:\/\/tinacreativestudio.com\/flores-readytosend\/\"]}]},{\"@type\":\"BreadcrumbList\",\"@id\":\"https:\/\/tinacreativestudio.com\/flores-readytosend\/#breadcrumb\",\"itemListElement\":[{\"@type\":\"ListItem\",\"position\":1,\"name\":\"Portada\",\"item\":\"https:\/\/tinacreativestudio.com\/\"},{\"@type\":\"ListItem\",\"position\":2,\"name\":\"Flores Ready to Send\"}]},{\"@type\":\"WebSite\",\"@id\":\"https:\/\/tinacreativestudio.com\/#website\",\"url\":\"https:\/\/tinacreativestudio.com\/\",\"name\":\"Tina Creative Studio\",\"description\":\"Arte personalizado para tu evento\",\"publisher\":{\"@id\":\"https:\/\/tinacreativestudio.com\/#organization\"},\"potentialAction\":[{\"@type\":\"SearchAction\",\"target\":{\"@type\":\"EntryPoint\",\"urlTemplate\":\"https:\/\/tinacreativestudio.com\/?s={search_term_string}\"},\"query-input\":{\"@type\":\"PropertyValueSpecification\",\"valueRequired\":true,\"valueName\":\"search_term_string\"}}],\"inLanguage\":\"en-GB\"},{\"@type\":\"Organization\",\"@id\":\"https:\/\/tinacreativestudio.com\/#organization\",\"name\":\"Tina Creative Studio\",\"url\":\"https:\/\/tinacreativestudio.com\/\",\"logo\":{\"@type\":\"ImageObject\",\"inLanguage\":\"en-GB\",\"@id\":\"https:\/\/tinacreativestudio.com\/#\/schema\/logo\/image\/\",\"url\":\"https:\/\/tinacreativestudio.com\/wp-content\/uploads\/2024\/05\/Nueva-pagina-web-2-Logo-blanco.png\",\"contentUrl\":\"https:\/\/tinacreativestudio.com\/wp-content\/uploads\/2024\/05\/Nueva-pagina-web-2-Logo-blanco.png\",\"width\":1920,\"height\":300,\"caption\":\"Tina Creative Studio\"},\"image\":{\"@id\":\"https:\/\/tinacreativestudio.com\/#\/schema\/logo\/image\/\"}}]}<\/script>\n<!-- \/ Yoast SEO plugin. -->","yoast_head_json":{"title":"Flores Ready to Send - Tina Creative Studio","robots":{"index":"index","follow":"follow","max-snippet":"max-snippet:-1","max-image-preview":"max-image-preview:large","max-video-preview":"max-video-preview:-1"},"canonical":"https:\/\/tinacreativestudio.com\/en\/flores-readytosend\/","og_locale":"en_GB","og_type":"article","og_title":"Flores Ready to Send - Tina Creative Studio","og_description":"Reproducir Modelo Flores El dise\u00f1o es exactamente el que aparece en las im\u00e1genes, tanto en colores como en tipograf\u00edas. La [&hellip;]","og_url":"https:\/\/tinacreativestudio.com\/en\/flores-readytosend\/","og_site_name":"Tina Creative Studio","article_modified_time":"2026-02-05T23:09:44+00:00","twitter_card":"summary_large_image","twitter_misc":{"Estimated reading time":"1 minute"},"schema":{"@context":"https:\/\/schema.org","@graph":[{"@type":"WebPage","@id":"https:\/\/tinacreativestudio.com\/flores-readytosend\/","url":"https:\/\/tinacreativestudio.com\/flores-readytosend\/","name":"Flores Ready to Send - Tina Creative Studio","isPartOf":{"@id":"https:\/\/tinacreativestudio.com\/#website"},"datePublished":"2025-05-14T00:03:14+00:00","dateModified":"2026-02-05T23:09:44+00:00","breadcrumb":{"@id":"https:\/\/tinacreativestudio.com\/flores-readytosend\/#breadcrumb"},"inLanguage":"en-GB","potentialAction":[{"@type":"ReadAction","target":["https:\/\/tinacreativestudio.com\/flores-readytosend\/"]}]},{"@type":"BreadcrumbList","@id":"https:\/\/tinacreativestudio.com\/flores-readytosend\/#breadcrumb","itemListElement":[{"@type":"ListItem","position":1,"name":"Portada","item":"https:\/\/tinacreativestudio.com\/"},{"@type":"ListItem","position":2,"name":"Flores Ready to Send"}]},{"@type":"WebSite","@id":"https:\/\/tinacreativestudio.com\/#website","url":"https:\/\/tinacreativestudio.com\/","name":"Tina Creative Studio","description":"Arte personalizado para tu evento","publisher":{"@id":"https:\/\/tinacreativestudio.com\/#organization"},"potentialAction":[{"@type":"SearchAction","target":{"@type":"EntryPoint","urlTemplate":"https:\/\/tinacreativestudio.com\/?s={search_term_string}"},"query-input":{"@type":"PropertyValueSpecification","valueRequired":true,"valueName":"search_term_string"}}],"inLanguage":"en-GB"},{"@type":"Organization","@id":"https:\/\/tinacreativestudio.com\/#organization","name":"Tina Creative Studio","url":"https:\/\/tinacreativestudio.com\/","logo":{"@type":"ImageObject","inLanguage":"en-GB","@id":"https:\/\/tinacreativestudio.com\/#\/schema\/logo\/image\/","url":"https:\/\/tinacreativestudio.com\/wp-content\/uploads\/2024\/05\/Nueva-pagina-web-2-Logo-blanco.png","contentUrl":"https:\/\/tinacreativestudio.com\/wp-content\/uploads\/2024\/05\/Nueva-pagina-web-2-Logo-blanco.png","width":1920,"height":300,"caption":"Tina Creative Studio"},"image":{"@id":"https:\/\/tinacreativestudio.com\/#\/schema\/logo\/image\/"}}]}},"_links":{"self":[{"href":"https:\/\/tinacreativestudio.com\/en\/wp-json\/wp\/v2\/pages\/5069","targetHints":{"allow":["GET"]}}],"collection":[{"href":"https:\/\/tinacreativestudio.com\/en\/wp-json\/wp\/v2\/pages"}],"about":[{"href":"https:\/\/tinacreativestudio.com\/en\/wp-json\/wp\/v2\/types\/page"}],"author":[{"embeddable":true,"href":"https:\/\/tinacreativestudio.com\/en\/wp-json\/wp\/v2\/users\/2"}],"replies":[{"embeddable":true,"href":"https:\/\/tinacreativestudio.com\/en\/wp-json\/wp\/v2\/comments?post=5069"}],"version-history":[{"count":34,"href":"https:\/\/tinacreativestudio.com\/en\/wp-json\/wp\/v2\/pages\/5069\/revisions"}],"predecessor-version":[{"id":19043,"href":"https:\/\/tinacreativestudio.com\/en\/wp-json\/wp\/v2\/pages\/5069\/revisions\/19043"}],"wp:attachment":[{"href":"https:\/\/tinacreativestudio.com\/en\/wp-json\/wp\/v2\/media?parent=5069"}],"wp:term":[{"taxonomy":"wf_page_folders","embeddable":true,"href":"https:\/\/tinacreativestudio.com\/en\/wp-json\/wp\/v2\/wf_page_folders?post=5069"}],"curies":[{"name":"wp","href":"https:\/\/api.w.org\/{rel}","templated":true}]}}